{"id":2,"date":"2012-09-05T13:22:50","date_gmt":"2012-09-05T13:22:50","guid":{"rendered":"http:\/\/laurebook.stehly.fr\/?page_id=2"},"modified":"2026-03-12T18:39:22","modified_gmt":"2026-03-12T16:39:22","slug":"page-d-exemple","status":"publish","type":"page","link":"https:\/\/laure.stehly.fr\/?page_id=2","title":{"rendered":"laure stehly graphiste."},"content":{"rendered":"\n<h2><strong>Cr\u00e9ative, mais pas seulement.<\/strong><\/h2>\n\n\n\n<p class=\"has-text-align-left\">Mon m\u00e9tier repose\u00a0sur une expertise solide : typographie, couleur, traitement de l\u2019image, composition.<\/p>\n\n\n\n<p>\u00c0 ces comp\u00e9tences techniques s\u2019ajoutent une sensibilit\u00e9 personnelle et une approche artistique<br>d\u00e9velopp\u00e9es aux Arts D\u00e9coratifs de Strasbourg.<\/p>\n\n\n\n<p>Affiche, identit\u00e9 visuelle, logo, brochure, flyer, annonce presse, packaging, PLV\u2026<\/p>\n\n\n\n<p>Je con\u00e7ois des supports de communication qui attirent le regard, valorisent votre image et rendent <br>vos messages clairs et lisibles.<\/p>\n\n\n\n<p>Sp\u00e9cialiste des supports imprim\u00e9s, je porte \u00e9galement une attention particuli\u00e8re \u00e0 la fabrication.<\/p>\n\n\n\n<p>Je conseille mes clients dans le choix des papiers, des techniques d\u2019impression et des finitions <br>afin d\u2019obtenir un r\u00e9sultat \u00e0 la hauteur du projet.<\/p>\n\n\n\n<p>Graphiste ind\u00e9pendante depuis 2008, j\u2019accompagne mes clients avec \u00e9coute et exigence.<\/p>\n\n\n\n<p>J\u2019analyse leurs besoins avec pragmatisme et cr\u00e9e des solutions graphiques coh\u00e9rentes, <br>adapt\u00e9es \u00e0 leur identit\u00e9.<\/p>\n\n\n\n<p class=\"has-text-align-left\"><span style=\"color: #ffffff;\">n<\/span><\/p>\n\n\n\n<p class=\"has-text-align-left\"><span style=\"color: #333399;\"><strong>Vous avez un projet ? \u00c9changeons ensemble.<\/strong><\/span><br>laure@stehly.fr<br>+33 (0)6 65 61 61 72<br>15 rue Virgile<br>67200 Strasbourg<\/p>\n","protected":false},"excerpt":{"rendered":"<p> [&hellip;]<\/p>\n","protected":false},"author":1,"featured_media":0,"parent":0,"menu_order":1,"comment_status":"open","ping_status":"open","template":"","meta":[],"_links":{"self":[{"href":"https:\/\/laure.stehly.fr\/index.php?rest_route=\/wp\/v2\/pages\/2"}],"collection":[{"href":"https:\/\/laure.stehly.fr\/index.php?rest_route=\/wp\/v2\/pages"}],"about":[{"href":"https:\/\/laure.stehly.fr\/index.php?rest_route=\/wp\/v2\/types\/page"}],"author":[{"embeddable":true,"href":"https:\/\/laure.stehly.fr\/index.php?rest_route=\/wp\/v2\/users\/1"}],"replies":[{"embeddable":true,"href":"https:\/\/laure.stehly.fr\/index.php?rest_route=%2Fwp%2Fv2%2Fcomments&post=2"}],"version-history":[{"count":19,"href":"https:\/\/laure.stehly.fr\/index.php?rest_route=\/wp\/v2\/pages\/2\/revisions"}],"predecessor-version":[{"id":1365,"href":"https:\/\/laure.stehly.fr\/index.php?rest_route=\/wp\/v2\/pages\/2\/revisions\/1365"}],"wp:attachment":[{"href":"https:\/\/laure.stehly.fr\/index.php?rest_route=%2Fwp%2Fv2%2Fmedia&parent=2"}],"curies":[{"name":"wp","href":"https:\/\/api.w.org\/{rel}","templated":true}]}}